{"id":9296,"date":"2025-10-28T09:56:34","date_gmt":"2025-10-28T08:56:34","guid":{"rendered":"https:\/\/sharpasfknives.com\/sklep\/kitchen-cleaver-22cm-50hf\/"},"modified":"2025-10-28T09:56:34","modified_gmt":"2025-10-28T08:56:34","slug":"kitchen-cleaver-22cm-50hf","status":"publish","type":"product","link":"https:\/\/sharpasfknives.com\/en\/Store\/kitchen-cleaver-22cm-50hf\/","title":{"rendered":"Kitchen cleaver 22cm 50HF"},"content":{"rendered":"<p>A kitchen cleaver forged from 50HF spring steel, in a traditional shape and with a strong blade. It can be used for chopping and slicing, as well as scraping and transferring food to dishes. The covex grind helps to separate sliced materials. Forged texture on the blade prevents the sliced material from sticking to the blade. Jednocze\u015bnie ostrze nie jest trudne do dok\u0142adnego umycia.<br \/>\nR\u0119koje\u015b\u0107 powsta\u0142a z drewna egoztycznego drewna padouk, kt\u00f3re zosta\u0142o poddane olejowaniu pr\u00f3\u017cniowemu.<br \/>\nStal 50HF nie jest odporna na rdz\u0119 wi\u0119c wymaga troch\u0119 uwagi przy codziennym u\u017cytkowaniu, ale bardzo \u0142atwo si\u0119 ostrzy, i jest odporna na wykruszenia kraw\u0119dzi tn\u0105cej.<\/p>\n","protected":false},"excerpt":{"rendered":"<ul>\n<li><strong>Steel:<\/strong> spring steel 50HF<\/li>\n<li><strong>Cutting edge hardness:<\/strong> 55-57HRC<\/li>\n<li><strong>Grind: <\/strong> convex<\/li>\n<li><strong>Handle: <\/strong>padouk, brass rivets<\/li>\n<\/ul>\n<p><strong>Dimensions:<\/strong><\/p>\n<ul>\n<li><strong>Blade length:<\/strong> 22cm<\/li>\n<li><strong>Blade width:<\/strong> 11mm<\/li>\n<li><strong>Total length:<\/strong> 30cm<\/li>\n<li><strong>Handle length: <\/strong>11cm<\/li>\n<li><strong>Blade thickness:<\/strong> 4mm<\/li>\n<li><strong>Weight:<\/strong> 750grams<\/li>\n<li>ABS blade guard included<\/li>\n<\/ul>\n","protected":false},"featured_media":9282,"template":"","meta":{"_kadence_starter_templates_imported_post":false,"_kad_post_transparent":"","_kad_post_title":"","_kad_post_layout":"default","_kad_post_sidebar_id":"","_kad_post_content_style":"default","_kad_post_vertical_padding":"default","_kad_post_feature":"","_kad_post_feature_position":"","_kad_post_header":false,"_kad_post_footer":false},"product_brand":[],"product_cat":[148,229,149],"product_tag":[152,151,150],"class_list":{"0":"post-9296","1":"product","2":"type-product","3":"status-publish","4":"has-post-thumbnail","6":"product_cat-all-available-products","7":"product_cat-complete-knives","8":"product_cat-kitchen-knives-and-cleavers","9":"product_tag-chefs-knife","10":"product_tag-forged","11":"product_tag-knife","12":"product_shipping_class-small-blades","14":"first","15":"instock","16":"shipping-taxable","17":"purchasable","18":"product-type-simple","19":"entry","20":"content-bg","21":"loop-entry"},"jetpack_sharing_enabled":true,"_links":{"self":[{"href":"https:\/\/sharpasfknives.com\/en\/wp-json\/wp\/v2\/product\/9296","targetHints":{"allow":["GET"]}}],"collection":[{"href":"https:\/\/sharpasfknives.com\/en\/wp-json\/wp\/v2\/product"}],"about":[{"href":"https:\/\/sharpasfknives.com\/en\/wp-json\/wp\/v2\/types\/product"}],"wp:featuredmedia":[{"embeddable":true,"href":"https:\/\/sharpasfknives.com\/en\/wp-json\/wp\/v2\/media\/9282"}],"wp:attachment":[{"href":"https:\/\/sharpasfknives.com\/en\/wp-json\/wp\/v2\/media?parent=9296"}],"wp:term":[{"taxonomy":"product_brand","embeddable":true,"href":"https:\/\/sharpasfknives.com\/en\/wp-json\/wp\/v2\/product_brand?post=9296"},{"taxonomy":"product_cat","embeddable":true,"href":"https:\/\/sharpasfknives.com\/en\/wp-json\/wp\/v2\/product_cat?post=9296"},{"taxonomy":"product_tag","embeddable":true,"href":"https:\/\/sharpasfknives.com\/en\/wp-json\/wp\/v2\/product_tag?post=9296"}],"curies":[{"name":"wp","href":"https:\/\/api.w.org\/{rel}","templated":true}]}}